{"id":1262,"date":"2014-02-06T10:34:37","date_gmt":"2014-02-06T10:34:37","guid":{"rendered":"http:\/\/www.anartchy.com\/urbanscript\/?page_id=1262"},"modified":"2014-02-06T10:34:37","modified_gmt":"2014-02-06T10:34:37","slug":"art-inconsequence","status":"publish","type":"page","link":"https:\/\/www.anartchy.com\/urbanscript\/2008-2\/urban-script-continous\/art-inconsequence\/","title":{"rendered":"art  inconsequence"},"content":{"rendered":"<p>&#8222;Art inconsequence&#8220; ist eine Publikation \u00fcber Zugmalerei im Ruhrgebiet. Zugmalerei nicht im herk\u00f6mmlichen Sinne des Graffitis. Fl\u00e4chenmalerei,Stencils und Charakters bestimmen das Bild. Dem Buch ist eine DVD beigelegt , auf der eine  Videodokumentation im Sinne eines klassischen Graffitivideos zu finden ist. Viele Liveaktionen mit erg\u00e4nzenden Interviews. <\/p>\n<p><a href=\"http:\/\/robert-kaltenhaeuser.blogspot.de\/\" target=\"_blank\">Robert Kaltenh\u00e4user<\/a> hat gemeinsam mit Sarah Pfl\u00fcger dieses Buch ver\u00f6ffentlicht und wird es im Rahmen von urban script continues vorstellen. <\/p>\n<p>Publikat Publishing \/ Art inconsequence Publikat Publishing Buch<br \/>\n&#8222;was passiert eigentlich, wenn graffiti pl\u00f6tzlich nicht mehr das gute alte, liebgewonnene graffiti ist? wird sich wirklich der himmel \u00f6ffnen und der graffitigott kotzt skinny caps auf seine j\u00fcnger? eher nicht&#8230; ok, anders: wei\u00df wirklich noch jemand, wer welchen schwung in welchem buchstaben auch immer, wann und wo zuerst gemacht hat? noch viel interessanter: interessiert das \u00fcberhaupt noch irgendjemanden oder ist es inzwischen nicht schon so allt\u00e4glich geworden, die balken so hin und her zu biegen, dass sie nur noch einen kreis ergeben. wenn der anfang von anarchistischer kunst auch wieder ihr ende ist, ist das ganze nicht mehr anarchistisch sondern berechenbar. wir kennen das doch alle: das weltber\u00fchmte im kreis drehen! ok, noch anders: ART INCONSEQUENCE ist graffiti pur. es sieht halt blo\u00df nicht aus wie alles, was wir in den letzten jahren gesehen haben. mit ART INCONSEQUENCE bef\u00f6rdern die autoren ROBERT KALTENH\u00c4USER und SARAH PFL\u00dcGER graffiti endlich ins n\u00e4chste jahrtausend. In einem BUCH mit 128 seiten, einer beiliegenden DVD mit 70 minuten laufzeit und beitr\u00e4gen von HANS WINKLER, CARLO MCCORMICK, PETER MICHALSKI, BERNHARD USKE und PIA PADA wird jede selbstauferlegte regel \u00fcber den haufen geworfen. immer noch graffiti, immer noch trains, immer noch action, es sieht nur alles einfach nicht mehr aus wie fr\u00fcher. pr\u00e4dikat: too hard to tell!&#8220;<\/p>\n<p>softcover, 144 seiten, texte: deutsch\/englisch 21cm x 20,5cm, ISBN:978-3-9395-66-04-5<\/p>\n","protected":false},"excerpt":{"rendered":"<p>&#8222;Art inconsequence&#8220; ist eine Publikation \u00fcber Zugmalerei im Ruhrgebiet. Zugmalerei nicht im herk\u00f6mmlichen Sinne des Graffitis. Fl\u00e4chenmalerei,Stencils und Charakters bestimmen &hellip; <\/p>\n","protected":false},"author":2,"featured_media":0,"parent":951,"menu_order":0,"comment_status":"open","ping_status":"open","template":"","meta":{"_acf_changed":false,"footnotes":""},"categories":[5],"class_list":["post-1262","page","type-page","status-publish","hentry","category-vortraege"],"acf":[],"_links":{"self":[{"href":"https:\/\/www.anartchy.com\/urbanscript\/wp-json\/wp\/v2\/pages\/1262","targetHints":{"allow":["GET"]}}],"collection":[{"href":"https:\/\/www.anartchy.com\/urbanscript\/wp-json\/wp\/v2\/pages"}],"about":[{"href":"https:\/\/www.anartchy.com\/urbanscript\/wp-json\/wp\/v2\/types\/page"}],"author":[{"embeddable":true,"href":"https:\/\/www.anartchy.com\/urbanscript\/wp-json\/wp\/v2\/users\/2"}],"replies":[{"embeddable":true,"href":"https:\/\/www.anartchy.com\/urbanscript\/wp-json\/wp\/v2\/comments?post=1262"}],"version-history":[{"count":1,"href":"https:\/\/www.anartchy.com\/urbanscript\/wp-json\/wp\/v2\/pages\/1262\/revisions"}],"predecessor-version":[{"id":1265,"href":"https:\/\/www.anartchy.com\/urbanscript\/wp-json\/wp\/v2\/pages\/1262\/revisions\/1265"}],"up":[{"embeddable":true,"href":"https:\/\/www.anartchy.com\/urbanscript\/wp-json\/wp\/v2\/pages\/951"}],"wp:attachment":[{"href":"https:\/\/www.anartchy.com\/urbanscript\/wp-json\/wp\/v2\/media?parent=1262"}],"wp:term":[{"taxonomy":"category","embeddable":true,"href":"https:\/\/www.anartchy.com\/urbanscript\/wp-json\/wp\/v2\/categories?post=1262"}],"curies":[{"name":"wp","href":"https:\/\/api.w.org\/{rel}","templated":true}]}}