{"id":121,"date":"2012-04-28T12:37:55","date_gmt":"2012-04-28T12:37:55","guid":{"rendered":"http:\/\/www.anartchy.com\/urbanscript\/?page_id=121"},"modified":"2012-06-01T11:21:23","modified_gmt":"2012-06-01T11:21:23","slug":"die-rezeption-des-writing-auf-ausenseiten-mobiler-trager-in-europa","status":"publish","type":"page","link":"https:\/\/www.anartchy.com\/urbanscript\/2012-2\/the-scientific-lessons\/die-rezeption-des-writing-auf-ausenseiten-mobiler-trager-in-europa\/","title":{"rendered":"Die Rezeption des Writing auf Au\u00dfenseiten mobiler Tr\u00e4ger in Europa"},"content":{"rendered":"<p>Harald Hinz\u2019 Dissertationsvorhaben &#8222;Die Rezeption des Writing auf Au\u00dfenseiten mobiler Tr\u00e4ger in Europa\u201d fokussiert auf das klassische Schreiben des Spr\u00fchernamens. Umgangssprachlich wird es irref\u00fchrenderweise Graffiti genannt. Ausgehend vom New Yorker Vorbild erreichte das Writing Mitte der 1980er Europa und ist seitdem aus keiner Gro\u00dfstadt wegzudenken. Allzuoft als zu entfernendes \u00dcbel verschrien hinterfragt Hinz die Relevanz des Writing im zeitgen\u00f6ssischen Kunstkontext. Das zentrale Thema ist die Aufnahme des writing in EU: &#8222;Wie ist es durch Medien , durch in- und direkte Kontakte\u00a0 transportiert worden, welche Typen des american writing wurden aufgenommen und welche nicht.&#8220; Europ\u00e4ische Tendenzen wie \u201cStylewriting\u201d oder \u201cTrainwriting\u201d werden dabei analysiert, ebenso wie Fragen des Tag- und Throw-up-Stylings.<\/p>\n<p>Start des Vortrags &#8211; 20 Uhr<\/p>\n<p>Spendenbeitrag : \u00a02\u20ac erm\u00e4ssigt \/ 5\u20ac normal<\/p>\n","protected":false},"excerpt":{"rendered":"<p>Wie ist es durch Medien , durch in- und direkte Kontakte transportiert worden, welche Typen des american writing wurden aufgenommen &hellip; <\/p>\n","protected":false},"author":2,"featured_media":0,"parent":53,"menu_order":0,"comment_status":"open","ping_status":"open","template":"","meta":{"_acf_changed":false,"footnotes":""},"categories":[5],"class_list":["post-121","page","type-page","status-publish","hentry","category-vortraege"],"acf":[],"_links":{"self":[{"href":"https:\/\/www.anartchy.com\/urbanscript\/wp-json\/wp\/v2\/pages\/121","targetHints":{"allow":["GET"]}}],"collection":[{"href":"https:\/\/www.anartchy.com\/urbanscript\/wp-json\/wp\/v2\/pages"}],"about":[{"href":"https:\/\/www.anartchy.com\/urbanscript\/wp-json\/wp\/v2\/types\/page"}],"author":[{"embeddable":true,"href":"https:\/\/www.anartchy.com\/urbanscript\/wp-json\/wp\/v2\/users\/2"}],"replies":[{"embeddable":true,"href":"https:\/\/www.anartchy.com\/urbanscript\/wp-json\/wp\/v2\/comments?post=121"}],"version-history":[{"count":6,"href":"https:\/\/www.anartchy.com\/urbanscript\/wp-json\/wp\/v2\/pages\/121\/revisions"}],"predecessor-version":[{"id":343,"href":"https:\/\/www.anartchy.com\/urbanscript\/wp-json\/wp\/v2\/pages\/121\/revisions\/343"}],"up":[{"embeddable":true,"href":"https:\/\/www.anartchy.com\/urbanscript\/wp-json\/wp\/v2\/pages\/53"}],"wp:attachment":[{"href":"https:\/\/www.anartchy.com\/urbanscript\/wp-json\/wp\/v2\/media?parent=121"}],"wp:term":[{"taxonomy":"category","embeddable":true,"href":"https:\/\/www.anartchy.com\/urbanscript\/wp-json\/wp\/v2\/categories?post=121"}],"curies":[{"name":"wp","href":"https:\/\/api.w.org\/{rel}","templated":true}]}}