{"id":1197,"date":"2014-01-31T20:41:01","date_gmt":"2014-01-31T20:41:01","guid":{"rendered":"http:\/\/www.anartchy.com\/urbanscript\/?page_id=1197"},"modified":"2014-01-31T20:41:01","modified_gmt":"2014-01-31T20:41:01","slug":"street-art-stadtrundgang-dresden-neustadt","status":"publish","type":"page","link":"https:\/\/www.anartchy.com\/urbanscript\/2007-2\/urban-script-continues-07\/street-art-stadtrundgang-dresden-neustadt\/","title":{"rendered":"street art &#8211; stadtrundgang  dresden neustadt"},"content":{"rendered":"<p>die dresdener neustadt ist wohl der ursprung der nachwende urban art. bereits zu ddr zeiten entstanden hier erste mit pinsel gemalte graffitis. nach der wende war die neustadt die wohl am st\u00e4rksten von schreiberlingen in spr\u00fchfarbe get\u00fcnchte gegend. noch heute ist die neustadt dass wohl buntbemalteste viertel der stadt. der stadtrundgnag l\u00e4d ein zur erkundung &#8211; von urzeit bis neuzeit.<\/p>\n<p>start  15.00<\/p>\n","protected":false},"excerpt":{"rendered":"<p>die dresdener neustadt ist wohl der ursprung der nachwende urban art. bereits zu ddr zeiten entstanden hier erste mit pinsel &hellip; <\/p>\n","protected":false},"author":2,"featured_media":0,"parent":1177,"menu_order":0,"comment_status":"open","ping_status":"open","template":"","meta":{"_acf_changed":false,"footnotes":""},"categories":[5],"class_list":["post-1197","page","type-page","status-publish","hentry","category-vortraege"],"acf":[],"_links":{"self":[{"href":"https:\/\/www.anartchy.com\/urbanscript\/wp-json\/wp\/v2\/pages\/1197","targetHints":{"allow":["GET"]}}],"collection":[{"href":"https:\/\/www.anartchy.com\/urbanscript\/wp-json\/wp\/v2\/pages"}],"about":[{"href":"https:\/\/www.anartchy.com\/urbanscript\/wp-json\/wp\/v2\/types\/page"}],"author":[{"embeddable":true,"href":"https:\/\/www.anartchy.com\/urbanscript\/wp-json\/wp\/v2\/users\/2"}],"replies":[{"embeddable":true,"href":"https:\/\/www.anartchy.com\/urbanscript\/wp-json\/wp\/v2\/comments?post=1197"}],"version-history":[{"count":1,"href":"https:\/\/www.anartchy.com\/urbanscript\/wp-json\/wp\/v2\/pages\/1197\/revisions"}],"predecessor-version":[{"id":1200,"href":"https:\/\/www.anartchy.com\/urbanscript\/wp-json\/wp\/v2\/pages\/1197\/revisions\/1200"}],"up":[{"embeddable":true,"href":"https:\/\/www.anartchy.com\/urbanscript\/wp-json\/wp\/v2\/pages\/1177"}],"wp:attachment":[{"href":"https:\/\/www.anartchy.com\/urbanscript\/wp-json\/wp\/v2\/media?parent=1197"}],"wp:term":[{"taxonomy":"category","embeddable":true,"href":"https:\/\/www.anartchy.com\/urbanscript\/wp-json\/wp\/v2\/categories?post=1197"}],"curies":[{"name":"wp","href":"https:\/\/api.w.org\/{rel}","templated":true}]}}