{"id":1193,"date":"2014-01-31T20:38:25","date_gmt":"2014-01-31T20:38:25","guid":{"rendered":"http:\/\/www.anartchy.com\/urbanscript\/?page_id=1193"},"modified":"2014-01-31T20:38:25","modified_gmt":"2014-01-31T20:38:25","slug":"graffiti-in-berlin","status":"publish","type":"page","link":"https:\/\/www.anartchy.com\/urbanscript\/2007-2\/urban-script-continues-07\/graffiti-in-berlin\/","title":{"rendered":"graffiti in berlin"},"content":{"rendered":"<p>die dokumentation \u201egraffiti in berlin&#8220; schafft mit ausf\u00fchrlichen interviews von aktivisten der berliner graffitiszene ein authentisches bild der graffitihauptstadt. die von namen losgel\u00f6sten meinungen gelangen in den vordergrund um so sichtweisen der szene zu dokumentieren. zudem werden die spr\u00fcher bei n\u00e4chtlichen aktionen an wand und zug begleitet.<\/p>\n<p>diesen positionen wird die &#8222;andere&#8220; seite gegen\u00fcbergestellt. interviews mit dem nofitti-vereins-vorstand k.hennig, dem soko-kommisar m.moritz, sowie kommentare von reinigungsspezialist und anwalt kompletieren die videoarbeit zu einer der aussagereichsten dokumantationen \u00fcber das berliner writing.<\/p>\n<p>einlass\/start 15.00<\/p>\n","protected":false},"excerpt":{"rendered":"<p>die dokumentation \u201egraffiti in berlin&#8220; schafft mit ausf\u00fchrlichen interviews von aktivisten der berliner graffitiszene ein authentisches bild der graffitihauptstadt.<\/p>\n","protected":false},"author":2,"featured_media":0,"parent":1177,"menu_order":0,"comment_status":"open","ping_status":"open","template":"","meta":{"_acf_changed":false,"footnotes":""},"categories":[5],"class_list":["post-1193","page","type-page","status-publish","hentry","category-vortraege"],"acf":[],"_links":{"self":[{"href":"https:\/\/www.anartchy.com\/urbanscript\/wp-json\/wp\/v2\/pages\/1193","targetHints":{"allow":["GET"]}}],"collection":[{"href":"https:\/\/www.anartchy.com\/urbanscript\/wp-json\/wp\/v2\/pages"}],"about":[{"href":"https:\/\/www.anartchy.com\/urbanscript\/wp-json\/wp\/v2\/types\/page"}],"author":[{"embeddable":true,"href":"https:\/\/www.anartchy.com\/urbanscript\/wp-json\/wp\/v2\/users\/2"}],"replies":[{"embeddable":true,"href":"https:\/\/www.anartchy.com\/urbanscript\/wp-json\/wp\/v2\/comments?post=1193"}],"version-history":[{"count":1,"href":"https:\/\/www.anartchy.com\/urbanscript\/wp-json\/wp\/v2\/pages\/1193\/revisions"}],"predecessor-version":[{"id":1196,"href":"https:\/\/www.anartchy.com\/urbanscript\/wp-json\/wp\/v2\/pages\/1193\/revisions\/1196"}],"up":[{"embeddable":true,"href":"https:\/\/www.anartchy.com\/urbanscript\/wp-json\/wp\/v2\/pages\/1177"}],"wp:attachment":[{"href":"https:\/\/www.anartchy.com\/urbanscript\/wp-json\/wp\/v2\/media?parent=1193"}],"wp:term":[{"taxonomy":"category","embeddable":true,"href":"https:\/\/www.anartchy.com\/urbanscript\/wp-json\/wp\/v2\/categories?post=1193"}],"curies":[{"name":"wp","href":"https:\/\/api.w.org\/{rel}","templated":true}]}}