{"id":1185,"date":"2014-01-31T21:08:28","date_gmt":"2014-01-31T21:08:28","guid":{"rendered":"http:\/\/www.anartchy.com\/urbanscript\/?page_id=1185"},"modified":"2014-01-31T21:08:28","modified_gmt":"2014-01-31T21:08:28","slug":"stree%c2%adt-art-mi%c2%adla%c2%adno","status":"publish","type":"page","link":"https:\/\/www.anartchy.com\/urbanscript\/2007-2\/urban-script-continues-07\/stree%c2%adt-art-mi%c2%adla%c2%adno\/","title":{"rendered":"Stree\u00adt Art Mi\u00adla\u00adno"},"content":{"rendered":"<p>milano ist schon seit l\u00e4ngerem bekannt f\u00fcr mode&amp;design.<br \/>\ndoch auch die streetartszene z\u00e4hlt zu einer der vielf\u00e4ltigsten und aktivsten in europa. design, kunst, werbung und jugendszene k\u00e4mpfen um die aufmerksamkeit der bewohner und besucher der norditalienischen Metropole.<br \/>\nw\u00e4hrend desginfestivals wie \u201efuori salone\u201c unz\u00e4hlige internationale studenten in das kneipenviertel \u201enavigli\u201c locken, um so einen gr\u00f6\u00dftm\u00f6gliche werbewirksamkeit f\u00fcr die beteiligten gro\u00dfsponsoren zu erzielen, beziehen illegale ausstellungen wie \u201e107\u201c gegenpositionen zur \u00fcberworbenen gro\u00dfstadt milano.<br \/>\nda findet nicht nur schick und weiss viel jugendliches publikum &#8211;<br \/>\ntrash,writing und besetzte h\u00e4user haben ebenso grossen anklang unter den jungen milanesen. neben umfangreichen fotos von strassenmalerein , werden gallerieprojekte wie biokip und ausstellungsprojekte wie \u201e107\u201c mit bildern umschrieben<\/p>\n<p>start 18 uhr<\/p>\n","protected":false},"excerpt":{"rendered":"<p>milano ist schon seit l\u00e4ngerem bekannt f\u00fcr mode&amp;design. doch auch die streetartszene z\u00e4hlt zu einer der vielf\u00e4ltigsten und aktivsten in &hellip; <\/p>\n","protected":false},"author":2,"featured_media":0,"parent":1177,"menu_order":0,"comment_status":"open","ping_status":"open","template":"","meta":{"_acf_changed":false,"footnotes":""},"categories":[5],"class_list":["post-1185","page","type-page","status-publish","hentry","category-vortraege"],"acf":[],"_links":{"self":[{"href":"https:\/\/www.anartchy.com\/urbanscript\/wp-json\/wp\/v2\/pages\/1185","targetHints":{"allow":["GET"]}}],"collection":[{"href":"https:\/\/www.anartchy.com\/urbanscript\/wp-json\/wp\/v2\/pages"}],"about":[{"href":"https:\/\/www.anartchy.com\/urbanscript\/wp-json\/wp\/v2\/types\/page"}],"author":[{"embeddable":true,"href":"https:\/\/www.anartchy.com\/urbanscript\/wp-json\/wp\/v2\/users\/2"}],"replies":[{"embeddable":true,"href":"https:\/\/www.anartchy.com\/urbanscript\/wp-json\/wp\/v2\/comments?post=1185"}],"version-history":[{"count":2,"href":"https:\/\/www.anartchy.com\/urbanscript\/wp-json\/wp\/v2\/pages\/1185\/revisions"}],"predecessor-version":[{"id":1205,"href":"https:\/\/www.anartchy.com\/urbanscript\/wp-json\/wp\/v2\/pages\/1185\/revisions\/1205"}],"up":[{"embeddable":true,"href":"https:\/\/www.anartchy.com\/urbanscript\/wp-json\/wp\/v2\/pages\/1177"}],"wp:attachment":[{"href":"https:\/\/www.anartchy.com\/urbanscript\/wp-json\/wp\/v2\/media?parent=1185"}],"wp:term":[{"taxonomy":"category","embeddable":true,"href":"https:\/\/www.anartchy.com\/urbanscript\/wp-json\/wp\/v2\/categories?post=1185"}],"curies":[{"name":"wp","href":"https:\/\/api.w.org\/{rel}","templated":true}]}}