{"id":1132,"date":"2014-01-29T16:43:09","date_gmt":"2014-01-29T16:43:09","guid":{"rendered":"http:\/\/www.anartchy.com\/urbanscript\/?page_id=1132"},"modified":"2014-01-29T16:43:09","modified_gmt":"2014-01-29T16:43:09","slug":"muralismo-morte-ausstellung","status":"publish","type":"page","link":"https:\/\/www.anartchy.com\/urbanscript\/2009-2\/muralismo-morte\/muralismo-morte-ausstellung\/","title":{"rendered":"muralismo morte &#8211; Ausstellung"},"content":{"rendered":"<p>Das Kernst\u00fcck von <em>muralismo morte<\/em> stellte die Ausstellung in der motorenhalle dar. Dort wurden Aktionen wie das Bemalen von Brachen geplant und es entstand eine umfangreiche Ausstellung. Gezeigt wurden Installationen, Skizzen, Leinw\u00e4nde und Fotodokumente. Zur Mitnahme lag eine Karte bereit, in der bemalte Brachen und W\u00e4nde eingezeichnet waren. Alle F\u00fchrungen starteten an der Halle. Die Vortr\u00e4ge wurden in der Halle durchgef\u00fchrt. Deshalb wurde das Gruppenbild an der Stirnwand der Halle mehrfach \u00fcberarbeitet.<\/p>\n<p><img decoding=\"async\" alt=\"\" src=\"https:\/\/www.anartchy.com\/urbanscript\/wp-content\/uploads\/bild_18106.jpg\" width=\"675\" \/><br \/>\nAusstellungsvorbereitung &#8211; Wandbilder im Prozess<\/p>\n<p><img decoding=\"async\" alt=\"\" src=\"https:\/\/www.anartchy.com\/urbanscript\/wp-content\/uploads\/bild_18264.jpg\" width=\"675\" \/><br \/>\nAusstellungsvorbereitung &#8211; Im Bild 2501<\/p>\n<p><img decoding=\"async\" alt=\"\" src=\"https:\/\/www.anartchy.com\/urbanscript\/wp-content\/uploads\/bild_18329.jpg\" width=\"675\" \/><br \/>\nBlick in die motorenhalle vor der Er\u00f6ffnung<\/p>\n<p><img decoding=\"async\" alt=\"\" src=\"https:\/\/www.anartchy.com\/urbanscript\/wp-content\/uploads\/bild_18335.jpg\" width=\"675\" \/><br \/>\nWandbild von el euro<\/p>\n<p><img decoding=\"async\" alt=\"\" src=\"https:\/\/www.anartchy.com\/urbanscript\/wp-content\/uploads\/bild_18284.jpg\" width=\"675\" \/><br \/>\nIn einem gesonderten Raum wurde das Kunstprojekt <em>10107<\/em> aus Mailand vorgestellt.<\/p>\n<p><img decoding=\"async\" alt=\"\" src=\"https:\/\/www.anartchy.com\/urbanscript\/wp-content\/uploads\/bild_18303.jpg\" width=\"675\" \/><br \/>\nZusammenarbeit von Bera White und Marvin Crushler<\/p>\n<p><img decoding=\"async\" alt=\"\" src=\"https:\/\/www.anartchy.com\/urbanscript\/wp-content\/uploads\/bild_18865.jpg\" width=\"675\" \/><br \/>\nDraufsicht auf die Installation von 2501<\/p>\n<p><img decoding=\"async\" alt=\"\" src=\"https:\/\/www.anartchy.com\/urbanscript\/wp-content\/uploads\/bild_18776.jpg\" width=\"675\" \/><br \/>\nDetail in der Arbeit von Kain Logos<\/p>\n<p><img decoding=\"async\" alt=\"\" src=\"https:\/\/www.anartchy.com\/urbanscript\/wp-content\/uploads\/bild_18342.jpg\" width=\"675\" \/><br \/>\nSkizzen und Leinw\u00e4nde arrangiert von Marvin Crushler, El Euro und Kain Logos<\/p>\n<p><img decoding=\"async\" alt=\"\" src=\"https:\/\/www.anartchy.com\/urbanscript\/wp-content\/uploads\/bild_18901.jpg\" width=\"675\" \/><br \/>\ngesammelte Video- und Fotodokumente von Werken in Abrissh\u00e4usern<\/p>\n<p><img decoding=\"async\" alt=\"\" src=\"https:\/\/www.anartchy.com\/urbanscript\/wp-content\/uploads\/bild_18385.jpg\" width=\"675\" \/><br \/>\nGruppenarbeit von Ema Jones , 2501, Macoy, Bera, Marvin Crushler<\/p>\n<p><img decoding=\"async\" alt=\"\" src=\"https:\/\/www.anartchy.com\/urbanscript\/wp-content\/uploads\/bild_18471.jpg\" width=\"675\" \/><\/p>\n<p><img decoding=\"async\" alt=\"\" src=\"https:\/\/www.anartchy.com\/urbanscript\/wp-content\/uploads\/bild_18480.jpg\" width=\"675\" \/><br \/>\nDie Wand wurde \u00fcberarbeitet von Kain Logos , da sie als Projektionsfl\u00e4che diente.<\/p>\n<p><img decoding=\"async\" alt=\"\" src=\"https:\/\/www.anartchy.com\/urbanscript\/wp-content\/uploads\/bild_18093.jpg\" width=\"675\" \/><br \/>\nZur Ausstellungsvorbereitung geh\u00f6rte auch das Bemalen diverser Brachen in der Friedrichstadt<br \/>\nHier eine Arbeit von Syru und Kain Logos.<\/p>\n","protected":false},"excerpt":{"rendered":"<p>Das Kernst\u00fcck von muralismo morte stellte die Ausstellung in der motorenhalle dar. Dort wurden Aktionen wie das Bemalen von Brachen &hellip; <\/p>\n","protected":false},"author":2,"featured_media":0,"parent":1051,"menu_order":0,"comment_status":"open","ping_status":"open","template":"","meta":{"_acf_changed":false,"footnotes":""},"categories":[1],"class_list":["post-1132","page","type-page","status-publish","hentry","category-ausstellungen"],"acf":[],"_links":{"self":[{"href":"https:\/\/www.anartchy.com\/urbanscript\/wp-json\/wp\/v2\/pages\/1132","targetHints":{"allow":["GET"]}}],"collection":[{"href":"https:\/\/www.anartchy.com\/urbanscript\/wp-json\/wp\/v2\/pages"}],"about":[{"href":"https:\/\/www.anartchy.com\/urbanscript\/wp-json\/wp\/v2\/types\/page"}],"author":[{"embeddable":true,"href":"https:\/\/www.anartchy.com\/urbanscript\/wp-json\/wp\/v2\/users\/2"}],"replies":[{"embeddable":true,"href":"https:\/\/www.anartchy.com\/urbanscript\/wp-json\/wp\/v2\/comments?post=1132"}],"version-history":[{"count":3,"href":"https:\/\/www.anartchy.com\/urbanscript\/wp-json\/wp\/v2\/pages\/1132\/revisions"}],"predecessor-version":[{"id":1150,"href":"https:\/\/www.anartchy.com\/urbanscript\/wp-json\/wp\/v2\/pages\/1132\/revisions\/1150"}],"up":[{"embeddable":true,"href":"https:\/\/www.anartchy.com\/urbanscript\/wp-json\/wp\/v2\/pages\/1051"}],"wp:attachment":[{"href":"https:\/\/www.anartchy.com\/urbanscript\/wp-json\/wp\/v2\/media?parent=1132"}],"wp:term":[{"taxonomy":"category","embeddable":true,"href":"https:\/\/www.anartchy.com\/urbanscript\/wp-json\/wp\/v2\/categories?post=1132"}],"curies":[{"name":"wp","href":"https:\/\/api.w.org\/{rel}","templated":true}]}}