{"id":1116,"date":"2014-01-29T15:58:24","date_gmt":"2014-01-29T15:58:24","guid":{"rendered":"http:\/\/www.anartchy.com\/urbanscript\/?page_id=1116"},"modified":"2014-01-29T15:58:39","modified_gmt":"2014-01-29T15:58:39","slug":"mmmd-muralismo-morte-museum-dresden","status":"publish","type":"page","link":"https:\/\/www.anartchy.com\/urbanscript\/2009-2\/muralismo-morte\/mmmd-muralismo-morte-museum-dresden\/","title":{"rendered":"MMMD &#8211; Muralismo Morte Museum Dresden"},"content":{"rendered":"<p>Das MMMD wurde am 10.04, Karfreitag, um 12 Uhr er\u00f6ffnet. Es stellte das illegale Pendant zur offiziellen Ausstellung in der dresdner motorenhalle dar. Das Geb\u00e4ude samt Malerei ist bis heute existent. Leider ist es nicht mehr \u00f6ffentlich zu betreten. Die folgenden Bilder zeigen die Entstehung, Er\u00f6ffnung und einige Werke .<\/p>\n<p><img decoding=\"async\" alt=\"\" src=\"https:\/\/www.anartchy.com\/urbanscript\/wp-content\/uploads\/bild_18108.jpg\" width=\"675\" \/><\/p>\n<p><img decoding=\"async\" alt=\"\" src=\"https:\/\/www.anartchy.com\/urbanscript\/wp-content\/uploads\/3381194473_b1432c7329_o.jpg\" width=\"675\" \/><\/p>\n<p><img decoding=\"async\" alt=\"\" src=\"https:\/\/www.anartchy.com\/urbanscript\/wp-content\/uploads\/3382012932_b66aeaa9b5_o.jpg\" width=\"675\" \/><br \/>\nVorbereitungen im MMMD<\/p>\n<p><img decoding=\"async\" alt=\"\" src=\"https:\/\/www.anartchy.com\/urbanscript\/wp-content\/uploads\/bild_18252.jpg\" width=\"675\" \/><br \/>\nDie Muralismo Morte Crew nach getaner Arbeit<\/p>\n<p><img decoding=\"async\" alt=\"\" src=\"https:\/\/www.anartchy.com\/urbanscript\/wp-content\/uploads\/3382012570_8c684ea5f0_o.jpg\" width=\"675\" \/><br \/>\nWerk von Syru<\/p>\n<p><img decoding=\"async\" alt=\"\" src=\"https:\/\/www.anartchy.com\/urbanscript\/wp-content\/uploads\/3382012810_4c79fe8ebe_o.jpg\" width=\"675\" \/><br \/>\n<em>bureaucracy drives me crazy<\/em> von Kain Logos<\/p>\n<p><img decoding=\"async\" alt=\"\" src=\"https:\/\/www.anartchy.com\/urbanscript\/wp-content\/uploads\/bild_18560.jpg\" width=\"675\" \/><br \/>\nEr\u00f6ffnung<\/p>\n<p><img decoding=\"async\" alt=\"\" src=\"https:\/\/www.anartchy.com\/urbanscript\/wp-content\/uploads\/bild_18576.jpg\" width=\"675\" \/><br \/>\nerste Besucher<\/p>\n<p><img decoding=\"async\" alt=\"\" src=\"https:\/\/www.anartchy.com\/urbanscript\/wp-content\/uploads\/3449869110_f9b844aba0_o.jpg\" width=\"675\" \/><\/p>\n<p><img decoding=\"async\" alt=\"\" src=\"https:\/\/www.anartchy.com\/urbanscript\/wp-content\/uploads\/3449868988_439565c4b0_o.jpg\" width=\"675\" \/><\/p>\n<p><img decoding=\"async\" alt=\"\" src=\"https:\/\/www.anartchy.com\/urbanscript\/wp-content\/uploads\/bild_18363.jpg\" width=\"675\" \/><br \/>\nweitere Besucher im MMMD<\/p>\n","protected":false},"excerpt":{"rendered":"<p>Das MMMD wurde am 10.04, Karfreitag, um 12 Uhr er\u00f6ffnet. Das Geb\u00e4ude samt Malerei ist bis heute existent. Leider ist &hellip; <\/p>\n","protected":false},"author":2,"featured_media":0,"parent":1051,"menu_order":0,"comment_status":"open","ping_status":"open","template":"","meta":{"_acf_changed":false,"footnotes":""},"categories":[1],"class_list":["post-1116","page","type-page","status-publish","hentry","category-ausstellungen"],"acf":[],"_links":{"self":[{"href":"https:\/\/www.anartchy.com\/urbanscript\/wp-json\/wp\/v2\/pages\/1116","targetHints":{"allow":["GET"]}}],"collection":[{"href":"https:\/\/www.anartchy.com\/urbanscript\/wp-json\/wp\/v2\/pages"}],"about":[{"href":"https:\/\/www.anartchy.com\/urbanscript\/wp-json\/wp\/v2\/types\/page"}],"author":[{"embeddable":true,"href":"https:\/\/www.anartchy.com\/urbanscript\/wp-json\/wp\/v2\/users\/2"}],"replies":[{"embeddable":true,"href":"https:\/\/www.anartchy.com\/urbanscript\/wp-json\/wp\/v2\/comments?post=1116"}],"version-history":[{"count":3,"href":"https:\/\/www.anartchy.com\/urbanscript\/wp-json\/wp\/v2\/pages\/1116\/revisions"}],"predecessor-version":[{"id":1131,"href":"https:\/\/www.anartchy.com\/urbanscript\/wp-json\/wp\/v2\/pages\/1116\/revisions\/1131"}],"up":[{"embeddable":true,"href":"https:\/\/www.anartchy.com\/urbanscript\/wp-json\/wp\/v2\/pages\/1051"}],"wp:attachment":[{"href":"https:\/\/www.anartchy.com\/urbanscript\/wp-json\/wp\/v2\/media?parent=1116"}],"wp:term":[{"taxonomy":"category","embeddable":true,"href":"https:\/\/www.anartchy.com\/urbanscript\/wp-json\/wp\/v2\/categories?post=1116"}],"curies":[{"name":"wp","href":"https:\/\/api.w.org\/{rel}","templated":true}]}}