{"id":1105,"date":"2014-01-29T15:14:21","date_gmt":"2014-01-29T15:14:21","guid":{"rendered":"http:\/\/www.anartchy.com\/urbanscript\/?page_id=1105"},"modified":"2014-01-29T15:14:21","modified_gmt":"2014-01-29T15:14:21","slug":"gruppenwandmalerei","status":"publish","type":"page","link":"https:\/\/www.anartchy.com\/urbanscript\/2009-2\/muralismo-morte\/gruppenwandmalerei\/","title":{"rendered":"Gruppenwandmalerei"},"content":{"rendered":"<p>Wandmalerei im \u00f6ffentlichen Raum kann in unterschiedelichen Art und Weisen realisiert werden: ungenehmigt oder legal, monumental oder minimal, gegenst\u00e4ndlich oder abstrakt.<br \/>\nEine F\u00fchrungen zu Dresdner Wandmalerei dient als Grundlage zur Entwicklung eines Bildkonzepts f\u00fcr Kolonis &#8222;\u00d6ffentlicher Leinwand&#8220;. Wandmalexperimente , mit unterschiedlichsten Techniken werden dazu die technischen Grundlagen vermitteln um gemeinsam die erarbeitete Idee zu realisieren.<\/p>\n<p>Einw\u00f6chiger Workshop &#8211; mit einf\u00fchrendem Vortrag von Marvin Crushler. <\/p>\n<p>Teilnahme limitiert auf 5 Personen. Teilnehmerbeitrag 5 \u20ac<\/p>\n","protected":false},"excerpt":{"rendered":"<p>Einw\u00f6chiger Workhop &#8211; mit einf\u00fchrendem Vortrag von Marvin Crushler<\/p>\n","protected":false},"author":2,"featured_media":0,"parent":1051,"menu_order":0,"comment_status":"open","ping_status":"open","template":"","meta":{"_acf_changed":false,"footnotes":""},"categories":[8],"class_list":["post-1105","page","type-page","status-publish","hentry","category-kurse"],"acf":[],"_links":{"self":[{"href":"https:\/\/www.anartchy.com\/urbanscript\/wp-json\/wp\/v2\/pages\/1105","targetHints":{"allow":["GET"]}}],"collection":[{"href":"https:\/\/www.anartchy.com\/urbanscript\/wp-json\/wp\/v2\/pages"}],"about":[{"href":"https:\/\/www.anartchy.com\/urbanscript\/wp-json\/wp\/v2\/types\/page"}],"author":[{"embeddable":true,"href":"https:\/\/www.anartchy.com\/urbanscript\/wp-json\/wp\/v2\/users\/2"}],"replies":[{"embeddable":true,"href":"https:\/\/www.anartchy.com\/urbanscript\/wp-json\/wp\/v2\/comments?post=1105"}],"version-history":[{"count":1,"href":"https:\/\/www.anartchy.com\/urbanscript\/wp-json\/wp\/v2\/pages\/1105\/revisions"}],"predecessor-version":[{"id":1108,"href":"https:\/\/www.anartchy.com\/urbanscript\/wp-json\/wp\/v2\/pages\/1105\/revisions\/1108"}],"up":[{"embeddable":true,"href":"https:\/\/www.anartchy.com\/urbanscript\/wp-json\/wp\/v2\/pages\/1051"}],"wp:attachment":[{"href":"https:\/\/www.anartchy.com\/urbanscript\/wp-json\/wp\/v2\/media?parent=1105"}],"wp:term":[{"taxonomy":"category","embeddable":true,"href":"https:\/\/www.anartchy.com\/urbanscript\/wp-json\/wp\/v2\/categories?post=1105"}],"curies":[{"name":"wp","href":"https:\/\/api.w.org\/{rel}","templated":true}]}}