{"id":1101,"date":"2014-01-29T15:08:11","date_gmt":"2014-01-29T15:08:11","guid":{"rendered":"http:\/\/www.anartchy.com\/urbanscript\/?page_id=1101"},"modified":"2014-01-29T15:08:11","modified_gmt":"2014-01-29T15:08:11","slug":"muralismo-morte-vortrag","status":"publish","type":"page","link":"https:\/\/www.anartchy.com\/urbanscript\/2009-2\/muralismo-morte\/muralismo-morte-vortrag\/","title":{"rendered":"muralismo morte &#8211; Vortrag"},"content":{"rendered":"<p>Der Organisator des Kunstprojekts &#8222;muralismo morte&#8220; wird zum Einen res\u00fcmieren \u00fcber die unmittelbaren Ergebnisse des Projekts, zum Anderen werden weitere k\u00fcnstlerische Positionen vorgestellt.<br \/>\nDenn die Wandmalerei auf altem Gem\u00e4uer ist ein von vielen Street Artist geliebtes Sujet. Sie biete immer neue Inspirationen durch sich st\u00e4ndig ver\u00e4ndernde \u00d6berfl\u00e4chen. Sie er\u00f6ffnet die M\u00f6glichkeit zeitintensiver an der Wand zu arbeiten und sie zeigt einmal mehr wie eine totgesagte Kunstgattung in neuem Glanz erstrahlt.  <\/p>\n","protected":false},"excerpt":{"rendered":"<p>Der Organisator des Kunstprojekts &#8222;muralismo morte&#8220; wird zum Einen res\u00fcmieren \u00fcber die unmittelbaren Ergebnisse des Projekts, zum Anderen werden weitere &hellip; <\/p>\n","protected":false},"author":2,"featured_media":0,"parent":1051,"menu_order":0,"comment_status":"open","ping_status":"open","template":"","meta":{"_acf_changed":false,"footnotes":""},"categories":[5],"class_list":["post-1101","page","type-page","status-publish","hentry","category-vortraege"],"acf":[],"_links":{"self":[{"href":"https:\/\/www.anartchy.com\/urbanscript\/wp-json\/wp\/v2\/pages\/1101","targetHints":{"allow":["GET"]}}],"collection":[{"href":"https:\/\/www.anartchy.com\/urbanscript\/wp-json\/wp\/v2\/pages"}],"about":[{"href":"https:\/\/www.anartchy.com\/urbanscript\/wp-json\/wp\/v2\/types\/page"}],"author":[{"embeddable":true,"href":"https:\/\/www.anartchy.com\/urbanscript\/wp-json\/wp\/v2\/users\/2"}],"replies":[{"embeddable":true,"href":"https:\/\/www.anartchy.com\/urbanscript\/wp-json\/wp\/v2\/comments?post=1101"}],"version-history":[{"count":1,"href":"https:\/\/www.anartchy.com\/urbanscript\/wp-json\/wp\/v2\/pages\/1101\/revisions"}],"predecessor-version":[{"id":1104,"href":"https:\/\/www.anartchy.com\/urbanscript\/wp-json\/wp\/v2\/pages\/1101\/revisions\/1104"}],"up":[{"embeddable":true,"href":"https:\/\/www.anartchy.com\/urbanscript\/wp-json\/wp\/v2\/pages\/1051"}],"wp:attachment":[{"href":"https:\/\/www.anartchy.com\/urbanscript\/wp-json\/wp\/v2\/media?parent=1101"}],"wp:term":[{"taxonomy":"category","embeddable":true,"href":"https:\/\/www.anartchy.com\/urbanscript\/wp-json\/wp\/v2\/categories?post=1101"}],"curies":[{"name":"wp","href":"https:\/\/api.w.org\/{rel}","templated":true}]}}