{"id":1097,"date":"2014-01-29T15:05:47","date_gmt":"2014-01-29T15:05:47","guid":{"rendered":"http:\/\/www.anartchy.com\/urbanscript\/?page_id=1097"},"modified":"2014-01-29T15:05:47","modified_gmt":"2014-01-29T15:05:47","slug":"10107-2","status":"publish","type":"page","link":"https:\/\/www.anartchy.com\/urbanscript\/2009-2\/muralismo-morte\/10107-2\/","title":{"rendered":"10107"},"content":{"rendered":"<p>2007 fand in Mailands S\u00fcden das Kunstfestival &#8222;107&#8220; statt. Auf dem Areal einer alten Fabrik bet\u00e4tigten sich hunderte Artisten aus dem Bereich StreetArt, Musik, Performance, Installation.<\/p>\n<p>Zum Festival kamen tausende Besucher.<\/p>\n<p>Der Clou &#8211; nichts war angemeldet. Am folgenden Tag gab es Artikel in vielen Gazetten Mailands. Die Auswirkungen des Festivals waren \u00fcber Wochen zu sp\u00fcren, in vielen Kunst- und Designmagazinen der Stadt wurde \u00fcber 107 diskutiert.<\/p>\n<p>Paola Verde, eine der Organisatoren, stellt das Projekt vor. Der Vortrag ist in englischer Sprache.<\/p>\n<p>Beitrag: 1\u20ac<\/p>\n","protected":false},"excerpt":{"rendered":"<p>2007 fand in Mailands S\u00fcden das Kunstfestival &#8222;107&#8220; statt. Auf dem Areal einer alten Fabrik bet\u00e4tigten sich hunderte Artisten aus &hellip; <\/p>\n","protected":false},"author":2,"featured_media":0,"parent":1051,"menu_order":0,"comment_status":"open","ping_status":"open","template":"","meta":{"_acf_changed":false,"footnotes":""},"categories":[5],"class_list":["post-1097","page","type-page","status-publish","hentry","category-vortraege"],"acf":[],"_links":{"self":[{"href":"https:\/\/www.anartchy.com\/urbanscript\/wp-json\/wp\/v2\/pages\/1097","targetHints":{"allow":["GET"]}}],"collection":[{"href":"https:\/\/www.anartchy.com\/urbanscript\/wp-json\/wp\/v2\/pages"}],"about":[{"href":"https:\/\/www.anartchy.com\/urbanscript\/wp-json\/wp\/v2\/types\/page"}],"author":[{"embeddable":true,"href":"https:\/\/www.anartchy.com\/urbanscript\/wp-json\/wp\/v2\/users\/2"}],"replies":[{"embeddable":true,"href":"https:\/\/www.anartchy.com\/urbanscript\/wp-json\/wp\/v2\/comments?post=1097"}],"version-history":[{"count":1,"href":"https:\/\/www.anartchy.com\/urbanscript\/wp-json\/wp\/v2\/pages\/1097\/revisions"}],"predecessor-version":[{"id":1100,"href":"https:\/\/www.anartchy.com\/urbanscript\/wp-json\/wp\/v2\/pages\/1097\/revisions\/1100"}],"up":[{"embeddable":true,"href":"https:\/\/www.anartchy.com\/urbanscript\/wp-json\/wp\/v2\/pages\/1051"}],"wp:attachment":[{"href":"https:\/\/www.anartchy.com\/urbanscript\/wp-json\/wp\/v2\/media?parent=1097"}],"wp:term":[{"taxonomy":"category","embeddable":true,"href":"https:\/\/www.anartchy.com\/urbanscript\/wp-json\/wp\/v2\/categories?post=1097"}],"curies":[{"name":"wp","href":"https:\/\/api.w.org\/{rel}","templated":true}]}}