{"id":1085,"date":"2014-01-29T14:38:30","date_gmt":"2014-01-29T14:38:30","guid":{"rendered":"http:\/\/www.anartchy.com\/urbanscript\/?page_id=1085"},"modified":"2014-01-29T14:38:30","modified_gmt":"2014-01-29T14:38:30","slug":"mexikanischer-muralimus","status":"publish","type":"page","link":"https:\/\/www.anartchy.com\/urbanscript\/2009-2\/muralismo-morte\/mexikanischer-muralimus\/","title":{"rendered":"mexikanischer Muralimus"},"content":{"rendered":"<p>Bilderziehung: Siqueiros vs. Rivera<\/p>\n<p>In dem Lichtbildervortrag zum mexikanischen Muralismus soll an ausgew\u00e4hlten Beispielen dem Erziehungsanspruch der gro\u00dfen Wandmaler Diego Rivera und David Alfaro Siqueiros nachgesp\u00fcrt werden. Beeinflusst von Brecht und Eisenstein kamen die beiden Rivalen zu kontr\u00e4ren Bildkonzeptionen, die den Betrachter die Bilder physisch und psychisch v\u00f6llig unterschiedlich wahrnehmen lassen.<\/p>\n","protected":false},"excerpt":{"rendered":"<p>In dem Lichtbildervortrag zum mexikanischen Muralismus soll an ausgew\u00e4hlten Beispielen dem Erziehungsanspruch der gro\u00dfen Wandmaler Diego Rivera und David Alfaro &hellip; <\/p>\n","protected":false},"author":2,"featured_media":0,"parent":1051,"menu_order":0,"comment_status":"open","ping_status":"open","template":"","meta":{"_acf_changed":false,"footnotes":""},"categories":[5],"class_list":["post-1085","page","type-page","status-publish","hentry","category-vortraege"],"acf":[],"_links":{"self":[{"href":"https:\/\/www.anartchy.com\/urbanscript\/wp-json\/wp\/v2\/pages\/1085","targetHints":{"allow":["GET"]}}],"collection":[{"href":"https:\/\/www.anartchy.com\/urbanscript\/wp-json\/wp\/v2\/pages"}],"about":[{"href":"https:\/\/www.anartchy.com\/urbanscript\/wp-json\/wp\/v2\/types\/page"}],"author":[{"embeddable":true,"href":"https:\/\/www.anartchy.com\/urbanscript\/wp-json\/wp\/v2\/users\/2"}],"replies":[{"embeddable":true,"href":"https:\/\/www.anartchy.com\/urbanscript\/wp-json\/wp\/v2\/comments?post=1085"}],"version-history":[{"count":1,"href":"https:\/\/www.anartchy.com\/urbanscript\/wp-json\/wp\/v2\/pages\/1085\/revisions"}],"predecessor-version":[{"id":1088,"href":"https:\/\/www.anartchy.com\/urbanscript\/wp-json\/wp\/v2\/pages\/1085\/revisions\/1088"}],"up":[{"embeddable":true,"href":"https:\/\/www.anartchy.com\/urbanscript\/wp-json\/wp\/v2\/pages\/1051"}],"wp:attachment":[{"href":"https:\/\/www.anartchy.com\/urbanscript\/wp-json\/wp\/v2\/media?parent=1085"}],"wp:term":[{"taxonomy":"category","embeddable":true,"href":"https:\/\/www.anartchy.com\/urbanscript\/wp-json\/wp\/v2\/categories?post=1085"}],"curies":[{"name":"wp","href":"https:\/\/api.w.org\/{rel}","templated":true}]}}