{"id":1051,"date":"2014-01-29T13:42:38","date_gmt":"2014-01-29T13:42:38","guid":{"rendered":"http:\/\/www.anartchy.com\/urbanscript\/?page_id=1051"},"modified":"2014-01-29T13:42:38","modified_gmt":"2014-01-29T13:42:38","slug":"muralismo-morte","status":"publish","type":"page","link":"https:\/\/www.anartchy.com\/urbanscript\/2009-2\/muralismo-morte\/","title":{"rendered":"muralismo morte"},"content":{"rendered":"<p><em>muralismo morte &#8211; Wandmalerei in verlassenen Geb\u00e4uden und auf verrottenden Gem\u00e4uern<\/em><\/p>\n<p>Die Wandmalerei ist tot. Ist sie tot? Mit der Ausstellung &#8222;muralismo morte&#8220; treten zehn junge K\u00fcnstler aus Kopenhagen, Mailand, Vercelli, Leipzig und Dresden den Gegenbeweis an. Sie alle stammen aus der vitalen Street Art-Szene Europas, die immer wieder totgesagt wurde. Dabei spielen sich in diesem Grenzbereich zwischen Subversion und bildender Kunst oft spannendere Projekte ab als in eingefahrenen Strukturen.<br \/>\n\u00dcberall haben sich innovative Street Artisten den Restriktionen von Instanzen und dem weitverbreiteten Unverst\u00e4ndnis beugen m\u00fcssen: Der \u00f6ffentliche Raum ist\/gibt nur noch wenig Spielraum. Aus diesem Grund sind besonders Brachfl\u00e4chen und verlassene Geb\u00e4ude zu ihren Zielen geworden. Dort entstehen phantastische, kritische und zeitgem\u00e4\u00dfe Kommentare.<br \/>\nDie Dresdner Friedrichstadt bildet ein solches ideales Biotop, das zu Interventionen geradezu auffordert bzw. wie eine gro\u00dfe Freiluftgalerie dazu einl\u00e4dt, die in den letzten Jahren entstandenen Kunstwerke zu entdecken.<br \/>\nIn der Motorenhalle schl\u00e4gt das Herz des Projekts: Hier entsteht ein installatives Gemeinschaftswerk der beteiligten internationalen Riege. Ein Mosaik aus Doku-Filmen, Fotos, Skizzen und schr\u00e4gen Artefakten ist zu betrachten, Vortr\u00e4ge der Aktivisten finden statt.<br \/>\nDoch das Blut zirkuliert im Au\u00dfenraum: &#8222;muralismo morte&#8220; bietet zus\u00e4tzlich Rundfahrten zu den Brachfl\u00e4chenoasen des weithin untersch\u00e4tzten Viertels Friedrichstadt an. Der direkte Kontakt zur Kunst geh\u00f6rt zum Masterplan der Muralisten.<\/p>\n<p>Zur Ausstellung erschien ein Katalog bei der dresdner Verlagsgesellschaft.<\/p>\n<p><strong>K\u00fcnstler<\/strong><br \/>\n<a href=\"http:\/\/www.ryanspringdooley.com\" target=\"_blank\">Ryan Spring Dooley aka Marvin Crushler<\/a> (Mailand)<br \/>\n<a href=\"http:\/\/www.flickr.com\/photos\/bera_white\/\" target=\"_blank\">Bera White<\/a> (Mailand)<br \/>\n<a href=\"http:\/\/www.2501.org.uk\" target=\"_blank\">2501<\/a> (Mailand)<br \/>\n<a href=\"http:\/\/www.flickr.com\/photos\/ele_uro\/\" target=\"_blank\">Eleuro<\/a> (Vercelli)<br \/>\nMacoy (Kopenhagen)<br \/>\n<a href=\"http:\/\/schwarzerstefan.de\/\" target=\"_blank\">Stefan Schwarzer aka Syru<\/a> (Leipzig)<br \/>\n<a href=\"http:\/\/truluv.de\" target=\"_blank\">Bond<\/a> (Leipzig)<br \/>\n<a href=\"http:\/\/thomas-prochnow.de\" target=\"_blank\">Thomas Prochnow aka M\u00f6e<\/a> (Dresden)<br \/>\nbbstepho (Dresden)<br \/>\nThe Inflammable Fireboys (Dresden)<br \/>\nKain Logos (Dresden)<\/p>\n","protected":false},"excerpt":{"rendered":"<p>Die Wandmalerei ist tot. Ist sie tot? Mit der Ausstellung &#8222;muralismo morte&#8220; treten zehn junge K\u00fcnstler aus Kopenhagen, Mailand, Vercelli, &hellip; <\/p>\n","protected":false},"author":2,"featured_media":0,"parent":1056,"menu_order":0,"comment_status":"open","ping_status":"open","template":"","meta":{"_acf_changed":false,"footnotes":""},"categories":[14],"class_list":["post-1051","page","type-page","status-publish","hentry","category-projekte"],"acf":[],"_links":{"self":[{"href":"https:\/\/www.anartchy.com\/urbanscript\/wp-json\/wp\/v2\/pages\/1051","targetHints":{"allow":["GET"]}}],"collection":[{"href":"https:\/\/www.anartchy.com\/urbanscript\/wp-json\/wp\/v2\/pages"}],"about":[{"href":"https:\/\/www.anartchy.com\/urbanscript\/wp-json\/wp\/v2\/types\/page"}],"author":[{"embeddable":true,"href":"https:\/\/www.anartchy.com\/urbanscript\/wp-json\/wp\/v2\/users\/2"}],"replies":[{"embeddable":true,"href":"https:\/\/www.anartchy.com\/urbanscript\/wp-json\/wp\/v2\/comments?post=1051"}],"version-history":[{"count":4,"href":"https:\/\/www.anartchy.com\/urbanscript\/wp-json\/wp\/v2\/pages\/1051\/revisions"}],"predecessor-version":[{"id":1065,"href":"https:\/\/www.anartchy.com\/urbanscript\/wp-json\/wp\/v2\/pages\/1051\/revisions\/1065"}],"up":[{"embeddable":true,"href":"https:\/\/www.anartchy.com\/urbanscript\/wp-json\/wp\/v2\/pages\/1056"}],"wp:attachment":[{"href":"https:\/\/www.anartchy.com\/urbanscript\/wp-json\/wp\/v2\/media?parent=1051"}],"wp:term":[{"taxonomy":"category","embeddable":true,"href":"https:\/\/www.anartchy.com\/urbanscript\/wp-json\/wp\/v2\/categories?post=1051"}],"curies":[{"name":"wp","href":"https:\/\/api.w.org\/{rel}","templated":true}]}}