{"id":1016,"date":"2014-01-29T10:53:09","date_gmt":"2014-01-29T10:53:09","guid":{"rendered":"http:\/\/www.anartchy.com\/urbanscript\/?page_id=1016"},"modified":"2014-01-29T10:53:09","modified_gmt":"2014-01-29T10:53:09","slug":"shlomo-faber-trainworks","status":"publish","type":"page","link":"https:\/\/www.anartchy.com\/urbanscript\/2010-2\/about-the-nightshift\/shlomo-faber-trainworks\/","title":{"rendered":"Shlomo Faber &#8211; Trainworks"},"content":{"rendered":"<p>&#8222;Trainworks nennt Jens Besser Kunstwerke die mit dem Medium Zug arbeiten. Trainworks werden mit Plakaten, Stencils, Farbroller, Styropor und jedem anderen zur Verf\u00fcgung stehenden Medium geschaffen &#8211; nat\u00fcrlich illegal . Trainworks, dass ist Street Art auf Z\u00fcgen.&#8220;<br \/>\nDie Ausstellung &#8222;Shlomo Faber &#8211; Trainworks&#8220; zeigt eine Auswahl an Zugkunst. Der K\u00fcnstler Shlomo Faber schuf unz\u00e4hlige Interventionen auf europ\u00e4ischen Nahverkehrsz\u00fcgen &#8211; von Kopenhagen bis Lissabon von Athen bis Mailand.<br \/>\nDa Trainworks besonders verg\u00e4nglich sind, ein Werk h\u00e4lt in unseren Breiten oft nicht l\u00e4nger als 24 Stunden, ist die Dokumentation durch Foto und Video Teil der Kunst.<br \/>\n&#8222;Shlomo Faber -Trainworks&#8220; zeigt unter anderm die Arbeit &#8222;Saint for all Trainpainters&#8220;. Shlomo Faber,inspiriert von St. Cris\u2020oforo dem Schutzpatron der Bahn(arbeiter), schuf auf einem mail\u00e4nder Doppeldecker den \u2020Heiligen Shlomo\u2020, denn auch Zugmaler verdienen einen Schu\u2020zengel.<br \/>\nNeben Shlomo&#8217;s Zugarbeiten wird Jens Besser&#8217;s give-away &#8222;ANARTCHY&#8220; gezeigt. Eine kostenfreie Zeitung, welche neben dem &#8222;toten Muralismo&#8220; Trainworks in kommentierten Fotos und in einem Reisebericht vorstellt.<\/p>\n<p><img decoding=\"async\" alt=\"\" src=\"https:\/\/www.anartchy.com\/urbanscript\/wp-content\/uploads\/shlomo_mzin_2010_045.jpg\" width=\"675\" \/><\/p>\n<p><img decoding=\"async\" alt=\"\" src=\"https:\/\/www.anartchy.com\/urbanscript\/wp-content\/uploads\/shlomo_mzin_2010_052.jpg\" width=\"675\" \/><\/p>\n","protected":false},"excerpt":{"rendered":"<p>Die Ausstellung &#8222;Shlomo Faber &#8211; Trainworks&#8220; zeigt eine Auswahl an Zugkunst. Der K\u00fcnstler Shlomo Faber schuf unz\u00e4hlige Interventionen auf europ\u00e4ischen &hellip; <\/p>\n","protected":false},"author":2,"featured_media":0,"parent":963,"menu_order":0,"comment_status":"open","ping_status":"open","template":"","meta":{"_acf_changed":false,"footnotes":""},"categories":[1],"class_list":["post-1016","page","type-page","status-publish","hentry","category-ausstellungen"],"acf":[],"_links":{"self":[{"href":"https:\/\/www.anartchy.com\/urbanscript\/wp-json\/wp\/v2\/pages\/1016","targetHints":{"allow":["GET"]}}],"collection":[{"href":"https:\/\/www.anartchy.com\/urbanscript\/wp-json\/wp\/v2\/pages"}],"about":[{"href":"https:\/\/www.anartchy.com\/urbanscript\/wp-json\/wp\/v2\/types\/page"}],"author":[{"embeddable":true,"href":"https:\/\/www.anartchy.com\/urbanscript\/wp-json\/wp\/v2\/users\/2"}],"replies":[{"embeddable":true,"href":"https:\/\/www.anartchy.com\/urbanscript\/wp-json\/wp\/v2\/comments?post=1016"}],"version-history":[{"count":4,"href":"https:\/\/www.anartchy.com\/urbanscript\/wp-json\/wp\/v2\/pages\/1016\/revisions"}],"predecessor-version":[{"id":1023,"href":"https:\/\/www.anartchy.com\/urbanscript\/wp-json\/wp\/v2\/pages\/1016\/revisions\/1023"}],"up":[{"embeddable":true,"href":"https:\/\/www.anartchy.com\/urbanscript\/wp-json\/wp\/v2\/pages\/963"}],"wp:attachment":[{"href":"https:\/\/www.anartchy.com\/urbanscript\/wp-json\/wp\/v2\/media?parent=1016"}],"wp:term":[{"taxonomy":"category","embeddable":true,"href":"https:\/\/www.anartchy.com\/urbanscript\/wp-json\/wp\/v2\/categories?post=1016"}],"curies":[{"name":"wp","href":"https:\/\/api.w.org\/{rel}","templated":true}]}}