{"id":1013,"date":"2014-01-29T10:44:41","date_gmt":"2014-01-29T10:44:41","guid":{"rendered":"http:\/\/www.anartchy.com\/urbanscript\/?page_id=1013"},"modified":"2014-01-29T10:44:41","modified_gmt":"2014-01-29T10:44:41","slug":"guten-morgen-benching","status":"publish","type":"page","link":"https:\/\/www.anartchy.com\/urbanscript\/2010-2\/about-the-nightshift\/guten-morgen-benching\/","title":{"rendered":"Guten Morgen Benching"},"content":{"rendered":"<p>&#8222;Guten Morgen Benching&#8220; mit anschlie\u00dfendem Ausstellungsrundgang <\/p>\n<p>Jens Besser l\u00e4d zum morgendlichen Betrachten dresdner S- und Regionalbahnlinien ein, denn die Deutsche Bahn putzt bemalte Z\u00fcge sehr schnell. Deshalb ist die beste M\u00f6glichkeit zuf\u00e4llig bunt bemalte Z\u00fcge zu betrachten der fr\u00fche Morgen. Falls keine bemalten Z\u00fcge einfahren zeigt Jens Besser woran man trotzdem erkennt, dass Z\u00fcge immernoch bemalt werden und wo man am besten dem &#8222;benching&#8220; ( auch &#8222;spotting&#8220;) nachgeht.<br \/>\nAnschlie\u00dfend geht es zur Ausstellung bei der umfangreiche Hintergrundinformationen zu K\u00fcnstlern, Kunstwerken und dem Austellungsprojekt vermittelt werden. <\/p>\n<p>16.6.( morgens 6-9 Uhr), 27.6. ( morgens 6-9 Uhr),4.7. (morgens 6-9 Uhr)<br \/>\nBeitrag: 5\u20ac, erm\u00e4\u00dfigt 3\u20ac (zuz\u00fcglich Ticket f\u00fcr S-Bahnfahrt zur Galerie)<br \/>\nBitte Anmelden! <\/p>\n","protected":false},"excerpt":{"rendered":"<p>Jens Besser l\u00e4d zum morgendlichen Betrachten dresdner S- und Regionalbahnlinien ein, denn die Deutsche Bahn putzt bemalte Z\u00fcge sehr schnell. &hellip; <\/p>\n","protected":false},"author":2,"featured_media":0,"parent":963,"menu_order":0,"comment_status":"open","ping_status":"open","template":"","meta":{"_acf_changed":false,"footnotes":""},"categories":[4],"class_list":["post-1013","page","type-page","status-publish","hentry","category-fuehrungen"],"acf":[],"_links":{"self":[{"href":"https:\/\/www.anartchy.com\/urbanscript\/wp-json\/wp\/v2\/pages\/1013","targetHints":{"allow":["GET"]}}],"collection":[{"href":"https:\/\/www.anartchy.com\/urbanscript\/wp-json\/wp\/v2\/pages"}],"about":[{"href":"https:\/\/www.anartchy.com\/urbanscript\/wp-json\/wp\/v2\/types\/page"}],"author":[{"embeddable":true,"href":"https:\/\/www.anartchy.com\/urbanscript\/wp-json\/wp\/v2\/users\/2"}],"replies":[{"embeddable":true,"href":"https:\/\/www.anartchy.com\/urbanscript\/wp-json\/wp\/v2\/comments?post=1013"}],"version-history":[{"count":1,"href":"https:\/\/www.anartchy.com\/urbanscript\/wp-json\/wp\/v2\/pages\/1013\/revisions"}],"predecessor-version":[{"id":1015,"href":"https:\/\/www.anartchy.com\/urbanscript\/wp-json\/wp\/v2\/pages\/1013\/revisions\/1015"}],"up":[{"embeddable":true,"href":"https:\/\/www.anartchy.com\/urbanscript\/wp-json\/wp\/v2\/pages\/963"}],"wp:attachment":[{"href":"https:\/\/www.anartchy.com\/urbanscript\/wp-json\/wp\/v2\/media?parent=1013"}],"wp:term":[{"taxonomy":"category","embeddable":true,"href":"https:\/\/www.anartchy.com\/urbanscript\/wp-json\/wp\/v2\/categories?post=1013"}],"curies":[{"name":"wp","href":"https:\/\/api.w.org\/{rel}","templated":true}]}}