{"id":1010,"date":"2014-01-29T10:42:03","date_gmt":"2014-01-29T10:42:03","guid":{"rendered":"http:\/\/www.anartchy.com\/urbanscript\/?page_id=1010"},"modified":"2014-01-29T10:42:03","modified_gmt":"2014-01-29T10:42:03","slug":"yard-check-deluxe","status":"publish","type":"page","link":"https:\/\/www.anartchy.com\/urbanscript\/2010-2\/about-the-nightshift\/yard-check-deluxe\/","title":{"rendered":"Yard Check Deluxe"},"content":{"rendered":"<p>Um Zugmalerei zu verstehen, sind unbedingt atmosph\u00e4rische Umst\u00e4nde zu erfahren. Das abendliche Abchecken von &#8222;Spots&#8220; ist fester Bestandteil der Zugkunst.<br \/>\nIn n\u00e4chtlicher Beleuchtung entfalten Verschiebebahnhofe eine eigene Art von Romantik. Zwischen quitschenden Waggons und l\u00e4rmenden Dieselloks entstehen vor allem Momente wundersamer Ruhe und Abgeschiedenheit &#8211; denn wenngleich Bahnhofsareale im Zentrum von Gro\u00dfst\u00e4dten gelegen sind, ist das Umfeld stark von Indutrieszenarien gepr\u00e4gt. Industrieszenarien, die in der Nacht zu schlafen scheinen.<\/p>\n<p>W\u00e4hrend der einfache &#8222;yard check&#8220; eine Exkursion zu Spots im dresdner Areal ist, zeigt die &#8222;Deluxe&#8220;-Variante Spots in urbaner und l\u00e4ndlicher Gegend.  <\/p>\n<p>26.6(Nacht 23-4 Uhr); 3.7.(Nacht 23-4 Uhr) Beitrag: 25\u20ac, erm\u00e4\u00dfigt 15\u20ac<br \/>\nBitte Anmelden! Achtung die F\u00fchrungen sind jeweils limitiert auf 3 Personen!<\/p>\n","protected":false},"excerpt":{"rendered":"<p>Um Zugmalerei zu verstehen, sind unbedingt atmosph\u00e4rische Umst\u00e4nde zu erfahren. Das abendliche Abchecken von &#8222;Spots&#8220; ist fester Bestandteil der Zugkunst. &hellip; <\/p>\n","protected":false},"author":2,"featured_media":0,"parent":963,"menu_order":0,"comment_status":"open","ping_status":"open","template":"","meta":{"_acf_changed":false,"footnotes":""},"categories":[4],"class_list":["post-1010","page","type-page","status-publish","hentry","category-fuehrungen"],"acf":[],"_links":{"self":[{"href":"https:\/\/www.anartchy.com\/urbanscript\/wp-json\/wp\/v2\/pages\/1010","targetHints":{"allow":["GET"]}}],"collection":[{"href":"https:\/\/www.anartchy.com\/urbanscript\/wp-json\/wp\/v2\/pages"}],"about":[{"href":"https:\/\/www.anartchy.com\/urbanscript\/wp-json\/wp\/v2\/types\/page"}],"author":[{"embeddable":true,"href":"https:\/\/www.anartchy.com\/urbanscript\/wp-json\/wp\/v2\/users\/2"}],"replies":[{"embeddable":true,"href":"https:\/\/www.anartchy.com\/urbanscript\/wp-json\/wp\/v2\/comments?post=1010"}],"version-history":[{"count":1,"href":"https:\/\/www.anartchy.com\/urbanscript\/wp-json\/wp\/v2\/pages\/1010\/revisions"}],"predecessor-version":[{"id":1012,"href":"https:\/\/www.anartchy.com\/urbanscript\/wp-json\/wp\/v2\/pages\/1010\/revisions\/1012"}],"up":[{"embeddable":true,"href":"https:\/\/www.anartchy.com\/urbanscript\/wp-json\/wp\/v2\/pages\/963"}],"wp:attachment":[{"href":"https:\/\/www.anartchy.com\/urbanscript\/wp-json\/wp\/v2\/media?parent=1010"}],"wp:term":[{"taxonomy":"category","embeddable":true,"href":"https:\/\/www.anartchy.com\/urbanscript\/wp-json\/wp\/v2\/categories?post=1010"}],"curies":[{"name":"wp","href":"https:\/\/api.w.org\/{rel}","templated":true}]}}