{"id":1006,"date":"2014-01-29T10:39:15","date_gmt":"2014-01-29T10:39:15","guid":{"rendered":"http:\/\/www.anartchy.com\/urbanscript\/?page_id=1006"},"modified":"2014-01-29T10:39:15","modified_gmt":"2014-01-29T10:39:15","slug":"yard-check-simple","status":"publish","type":"page","link":"https:\/\/www.anartchy.com\/urbanscript\/2010-2\/about-the-nightshift\/yard-check-simple\/","title":{"rendered":"Yard Check simple"},"content":{"rendered":"<p>Um Zugmalerei zu verstehen, sind unbedingt atmosph\u00e4rische Umst\u00e4nde zu erfahren. Das abendliche Abchecken von &#8222;Spots&#8220; ist fester Bestandteil der Zugkunst.<br \/>\nIn n\u00e4chtlicher Beleuchtung entfalten Verschiebebahnhofe eine eigene Art von Romantik. Zwischen quitschenden Waggons und l\u00e4rmenden Dieselloks entstehen vor allem Momente wundersamer Ruhe und Abgeschiedenheit &#8211; denn wenngleich Bahnhofsareale im Zentrum von Gro\u00dfst\u00e4dten gelegen sind, ist das Umfeld stark von Indutrieszenarien gepr\u00e4gt. Industrieszenarien, die in der Nacht zu schlafen scheinen.<\/p>\n<p>F\u00fchrungen &#8211; 17.6.(Abend 22-24 uhr) ; 24.6.(Abend 22-24 uhr);<\/p>\n<p>Beitrag: 5\u20ac, erm\u00e4\u00dfigt 3\u20ac<br \/>\neigenes Fahrrad mitbringen! Bitte Anmelden!<\/p>\n","protected":false},"excerpt":{"rendered":"<p>Um Zugmalerei zu verstehen, sind unbedingt atmosph\u00e4rische Umst\u00e4nde zu erfahren. Das abendliche Abchecken von &#8222;Spots&#8220; ist fester Bestandteil der Zugkunst.<\/p>\n","protected":false},"author":2,"featured_media":0,"parent":963,"menu_order":0,"comment_status":"open","ping_status":"open","template":"","meta":{"_acf_changed":false,"footnotes":""},"categories":[4],"class_list":["post-1006","page","type-page","status-publish","hentry","category-fuehrungen"],"acf":[],"_links":{"self":[{"href":"https:\/\/www.anartchy.com\/urbanscript\/wp-json\/wp\/v2\/pages\/1006","targetHints":{"allow":["GET"]}}],"collection":[{"href":"https:\/\/www.anartchy.com\/urbanscript\/wp-json\/wp\/v2\/pages"}],"about":[{"href":"https:\/\/www.anartchy.com\/urbanscript\/wp-json\/wp\/v2\/types\/page"}],"author":[{"embeddable":true,"href":"https:\/\/www.anartchy.com\/urbanscript\/wp-json\/wp\/v2\/users\/2"}],"replies":[{"embeddable":true,"href":"https:\/\/www.anartchy.com\/urbanscript\/wp-json\/wp\/v2\/comments?post=1006"}],"version-history":[{"count":2,"href":"https:\/\/www.anartchy.com\/urbanscript\/wp-json\/wp\/v2\/pages\/1006\/revisions"}],"predecessor-version":[{"id":1009,"href":"https:\/\/www.anartchy.com\/urbanscript\/wp-json\/wp\/v2\/pages\/1006\/revisions\/1009"}],"up":[{"embeddable":true,"href":"https:\/\/www.anartchy.com\/urbanscript\/wp-json\/wp\/v2\/pages\/963"}],"wp:attachment":[{"href":"https:\/\/www.anartchy.com\/urbanscript\/wp-json\/wp\/v2\/media?parent=1006"}],"wp:term":[{"taxonomy":"category","embeddable":true,"href":"https:\/\/www.anartchy.com\/urbanscript\/wp-json\/wp\/v2\/categories?post=1006"}],"curies":[{"name":"wp","href":"https:\/\/api.w.org\/{rel}","templated":true}]}}