{"id":1000,"date":"2014-01-29T10:33:50","date_gmt":"2014-01-29T10:33:50","guid":{"rendered":"http:\/\/www.anartchy.com\/urbanscript\/?page_id=1000"},"modified":"2014-01-29T10:33:50","modified_gmt":"2014-01-29T10:33:50","slug":"trainworks-zuege-als-malgrund","status":"publish","type":"page","link":"https:\/\/www.anartchy.com\/urbanscript\/2010-2\/about-the-nightshift\/trainworks-zuege-als-malgrund\/","title":{"rendered":"Trainworks &#8211; Z\u00fcge als Malgrund"},"content":{"rendered":"<p>In den 80&#8217;ern wurden New York&#8217;s U-Bahnen \u00fcbers\u00e4t mit Pieces. Im selben Zeitraum schwappte das Ph\u00e4nomen \u00fcber den grossen Teich. Zun\u00e4chst wurden Metrolinien der europ\u00e4ischen Metropolen bemalt. Nachdem diese immer besser bewacht wurden, wich man aus auf Nahverkehrsz\u00fcge.<br \/>\nNoch heute ist dieses Ph\u00e4nomen verbreitet. Besonders Writer fr\u00f6hnen dem Wettkampf um Metalloberfl\u00e4che mit Bahnunternehmen. W\u00e4hrend die Writer dem klassischen Aspekt des Namenschreiben nachgehen, gibt es auch eine kleine Anzahl &#8222;Nichtstyler&#8220;. Sie entdecken den Untergrund Zug f\u00fcr sich neu.<br \/>\nImmernoch vom Adrenalinrausch begeistert, auf neue Bahnhofsbildwelten fixiert.<\/p>\n<p>Der Vortrag zeigt europ\u00e4ische Zugarbeiten &#8211; von abstrakt bis realistisch, von Konzept bis spontan.<\/p>\n<p>Sonntag 11.7. &#8211; 18 Uhr<\/p>\n<p>Eintritt: 3\u20ac erm\u00e4\u00dfigt 2\u20ac<\/p>\n","protected":false},"excerpt":{"rendered":"<p>In den 80&#8217;ern wurden New York&#8217;s U-Bahnen \u00fcbers\u00e4t mit Pieces. Im selben Zeitraum schwappte das Ph\u00e4nomen \u00fcber den grossen Teich. &hellip; <\/p>\n","protected":false},"author":2,"featured_media":0,"parent":963,"menu_order":0,"comment_status":"open","ping_status":"open","template":"","meta":{"_acf_changed":false,"footnotes":""},"categories":[5],"class_list":["post-1000","page","type-page","status-publish","hentry","category-vortraege"],"acf":[],"_links":{"self":[{"href":"https:\/\/www.anartchy.com\/urbanscript\/wp-json\/wp\/v2\/pages\/1000","targetHints":{"allow":["GET"]}}],"collection":[{"href":"https:\/\/www.anartchy.com\/urbanscript\/wp-json\/wp\/v2\/pages"}],"about":[{"href":"https:\/\/www.anartchy.com\/urbanscript\/wp-json\/wp\/v2\/types\/page"}],"author":[{"embeddable":true,"href":"https:\/\/www.anartchy.com\/urbanscript\/wp-json\/wp\/v2\/users\/2"}],"replies":[{"embeddable":true,"href":"https:\/\/www.anartchy.com\/urbanscript\/wp-json\/wp\/v2\/comments?post=1000"}],"version-history":[{"count":2,"href":"https:\/\/www.anartchy.com\/urbanscript\/wp-json\/wp\/v2\/pages\/1000\/revisions"}],"predecessor-version":[{"id":1005,"href":"https:\/\/www.anartchy.com\/urbanscript\/wp-json\/wp\/v2\/pages\/1000\/revisions\/1005"}],"up":[{"embeddable":true,"href":"https:\/\/www.anartchy.com\/urbanscript\/wp-json\/wp\/v2\/pages\/963"}],"wp:attachment":[{"href":"https:\/\/www.anartchy.com\/urbanscript\/wp-json\/wp\/v2\/media?parent=1000"}],"wp:term":[{"taxonomy":"category","embeddable":true,"href":"https:\/\/www.anartchy.com\/urbanscript\/wp-json\/wp\/v2\/categories?post=1000"}],"curies":[{"name":"wp","href":"https:\/\/api.w.org\/{rel}","templated":true}]}}